{"id":490,"date":"2021-02-05T15:05:10","date_gmt":"2021-02-05T20:05:10","guid":{"rendered":"https:\/\/r-proplacement.ca\/?page_id=490"},"modified":"2025-05-14T19:49:36","modified_gmt":"2025-05-14T23:49:36","slug":"contact","status":"publish","type":"page","link":"https:\/\/r-proplacement.ca\/en\/contact\/","title":{"rendered":"Contact"},"content":{"rendered":"<div data-elementor-type=\"wp-page\" data-elementor-id=\"490\" class=\"elementor elementor-490\" data-elementor-post-type=\"page\">\n\t\t\t\t\t\t<section class=\"elementor-section elementor-top-section elementor-element elementor-element-62396e5e elementor-section-boxed elementor-section-height-default elementor-section-height-default\" data-id=\"62396e5e\" data-element_type=\"section\" data-settings=\"{&quot;background_background&quot;:&quot;classic&quot;}\">\n\t\t\t\t\t\t<div class=\"elementor-container elementor-column-gap-no\">\n\t\t\t\t\t<div class=\"elementor-column elementor-col-100 elementor-top-column elementor-element elementor-element-55a0e04\" data-id=\"55a0e04\" data-element_type=\"column\">\n\t\t\t<div class=\"elementor-widget-wrap elementor-element-populated\">\n\t\t\t\t\t\t<div class=\"elementor-element elementor-element-6b38a647 elementor-widget elementor-widget-heading\" data-id=\"6b38a647\" data-element_type=\"widget\" data-widget_type=\"heading.default\">\n\t\t\t\t<div class=\"elementor-widget-container\">\n\t\t\t\t\t<h2 class=\"elementor-heading-title elementor-size-default\">CONTACTEZ-NOUS<\/h2>\t\t\t\t<\/div>\n\t\t\t\t<\/div>\n\t\t\t\t<div class=\"elementor-element elementor-element-434b2766 elementor-mobile-align-center elementor-widget__width-auto elementor-widget-mobile__width-inherit elementor-invisible elementor-widget elementor-widget-button\" data-id=\"434b2766\" data-element_type=\"widget\" data-settings=\"{&quot;_animation&quot;:&quot;fadeInUp&quot;}\" data-widget_type=\"button.default\">\n\t\t\t\t<div class=\"elementor-widget-container\">\n\t\t\t\t\t\t\t\t\t<div class=\"elementor-button-wrapper\">\n\t\t\t\t\t<a class=\"elementor-button elementor-button-link elementor-size-sm\" href=\"https:\/\/r-proplacement.ca\/en\/entreprises\/\">\n\t\t\t\t\t\t<span class=\"elementor-button-content-wrapper\">\n\t\t\t\t\t\t\t\t\t<span class=\"elementor-button-text\">I'm looking for wor<\/span>\n\t\t\t\t\t<\/span>\n\t\t\t\t\t<\/a>\n\t\t\t\t<\/div>\n\t\t\t\t\t\t\t\t<\/div>\n\t\t\t\t<\/div>\n\t\t\t\t<div class=\"elementor-element elementor-element-0b6b7d1 elementor-widget__width-auto elementor-widget-mobile__width-inherit elementor-mobile-align-center elementor-invisible elementor-widget elementor-widget-button\" data-id=\"0b6b7d1\" data-element_type=\"widget\" data-settings=\"{&quot;_animation&quot;:&quot;fadeInUp&quot;}\" data-widget_type=\"button.default\">\n\t\t\t\t<div class=\"elementor-widget-container\">\n\t\t\t\t\t\t\t\t\t<div class=\"elementor-button-wrapper\">\n\t\t\t\t\t<a class=\"elementor-button elementor-button-link elementor-size-sm\" href=\"https:\/\/r-proplacement.ca\/en\/main-doeuvre\/\">\n\t\t\t\t\t\t<span class=\"elementor-button-content-wrapper\">\n\t\t\t\t\t\t\t\t\t<span class=\"elementor-button-text\">I'm looking for staff<\/span>\n\t\t\t\t\t<\/span>\n\t\t\t\t\t<\/a>\n\t\t\t\t<\/div>\n\t\t\t\t\t\t\t\t<\/div>\n\t\t\t\t<\/div>\n\t\t\t\t\t<\/div>\n\t\t<\/div>\n\t\t\t\t\t<\/div>\n\t\t<\/section>\n\t\t\t\t<section class=\"elementor-section elementor-top-section elementor-element elementor-element-38c21f1d elementor-section-content-middle elementor-section-boxed elementor-section-height-default elementor-section-height-default\" data-id=\"38c21f1d\" data-element_type=\"section\">\n\t\t\t\t\t\t<div class=\"elementor-container elementor-column-gap-no\">\n\t\t\t\t\t<div class=\"elementor-column elementor-col-50 elementor-top-column elementor-element elementor-element-1ecfb553\" data-id=\"1ecfb553\" data-element_type=\"column\">\n\t\t\t<div class=\"elementor-widget-wrap elementor-element-populated\">\n\t\t\t\t\t\t<div class=\"elementor-element elementor-element-2ea77c2d elementor-invisible elementor-widget elementor-widget-text-editor\" data-id=\"2ea77c2d\" data-element_type=\"widget\" data-settings=\"{&quot;_animation&quot;:&quot;fadeInUp&quot;}\" data-widget_type=\"text-editor.default\">\n\t\t\t\t<div class=\"elementor-widget-container\">\n\t\t\t\t\t\t\t\t\t<p><strong>POUR NOUS JOINDRE<\/strong><br \/><a href=\"tel:+15144978077\">514-497-8077<\/a><br \/><a href=\"mailto:infos@r-proplacement.com\">infos@r-proplacement.com<\/a><br \/><a href=\"https:\/\/www.facebook.com\/\">Facebook<\/a><\/p><p><strong>HEURES D&rsquo;OUVERTURE<\/strong><br \/>Lundi au\u00a0 Vendredi 8h \u00e0 18h<br \/>Samedi et Dimanche 10h \u00e0 15h<\/p>\t\t\t\t\t\t\t\t<\/div>\n\t\t\t\t<\/div>\n\t\t\t\t\t<\/div>\n\t\t<\/div>\n\t\t\t\t<div class=\"elementor-column elementor-col-50 elementor-top-column elementor-element elementor-element-7df52f41\" data-id=\"7df52f41\" data-element_type=\"column\">\n\t\t\t<div class=\"elementor-widget-wrap elementor-element-populated\">\n\t\t\t\t\t\t<div class=\"elementor-element elementor-element-71f44e1e elementor-invisible elementor-widget elementor-widget-heading\" data-id=\"71f44e1e\" data-element_type=\"widget\" data-settings=\"{&quot;_animation&quot;:&quot;fadeInUp&quot;}\" data-widget_type=\"heading.default\">\n\t\t\t\t<div class=\"elementor-widget-container\">\n\t\t\t\t\t<h2 class=\"elementor-heading-title elementor-size-default\">Contact form<\/h2>\t\t\t\t<\/div>\n\t\t\t\t<\/div>\n\t\t\t\t<div class=\"elementor-element elementor-element-57bf9942 elementor-button-align-start elementor-widget elementor-widget-form\" data-id=\"57bf9942\" data-element_type=\"widget\" data-settings=\"{&quot;step_next_label&quot;:&quot;Next&quot;,&quot;step_previous_label&quot;:&quot;Previous&quot;,&quot;button_width&quot;:&quot;100&quot;,&quot;step_type&quot;:&quot;number_text&quot;,&quot;step_icon_shape&quot;:&quot;circle&quot;}\" data-widget_type=\"form.default\">\n\t\t\t\t<div class=\"elementor-widget-container\">\n\t\t\t\t\t\t\t<form class=\"elementor-form\" method=\"post\" name=\"New Form\" aria-label=\"New Form\" action=\"\">\n\t\t\t<input type=\"hidden\" name=\"post_id\" value=\"490\"\/>\n\t\t\t<input type=\"hidden\" name=\"form_id\" value=\"57bf9942\"\/>\n\t\t\t<input type=\"hidden\" name=\"referer_title\" value=\"Contact - R-PRO\" \/>\n\n\t\t\t\t\t\t\t<input type=\"hidden\" name=\"queried_id\" value=\"490\"\/>\n\t\t\t\n\t\t\t<div class=\"elementor-form-fields-wrapper elementor-labels-\">\n\t\t\t\t\t\t\t\t<div class=\"elementor-field-type-text elementor-field-group elementor-column elementor-field-group-name elementor-col-100\">\n\t\t\t\t\t\t\t\t\t\t\t\t<label for=\"form-field-name\" class=\"elementor-field-label elementor-screen-only\">\n\t\t\t\t\t\t\t\tName\t\t\t\t\t\t\t<\/label>\n\t\t\t\t\t\t\t\t\t\t\t\t\t\t<input size=\"1\" type=\"text\" name=\"form_fields[name]\" id=\"form-field-name\" class=\"elementor-field elementor-size-sm  elementor-field-textual\" placeholder=\"Name\">\n\t\t\t\t\t\t\t\t\t\t\t<\/div>\n\t\t\t\t\t\t\t\t<div class=\"elementor-field-type-email elementor-field-group elementor-column elementor-field-group-email elementor-col-100 elementor-field-required\">\n\t\t\t\t\t\t\t\t\t\t\t\t<label for=\"form-field-email\" class=\"elementor-field-label elementor-screen-only\">\n\t\t\t\t\t\t\t\tEmail\t\t\t\t\t\t\t<\/label>\n\t\t\t\t\t\t\t\t\t\t\t\t\t\t<input size=\"1\" type=\"email\" name=\"form_fields[email]\" id=\"form-field-email\" class=\"elementor-field elementor-size-sm  elementor-field-textual\" placeholder=\"Email\" required=\"required\">\n\t\t\t\t\t\t\t\t\t\t\t<\/div>\n\t\t\t\t\t\t\t\t<div class=\"elementor-field-type-tel elementor-field-group elementor-column elementor-field-group-field_95a08ee elementor-col-100 elementor-field-required\">\n\t\t\t\t\t\t\t\t\t\t\t\t<label for=\"form-field-field_95a08ee\" class=\"elementor-field-label elementor-screen-only\">\n\t\t\t\t\t\t\t\tTelephone\t\t\t\t\t\t\t<\/label>\n\t\t\t\t\t\t\t\t<input size=\"1\" type=\"tel\" name=\"form_fields[field_95a08ee]\" id=\"form-field-field_95a08ee\" class=\"elementor-field elementor-size-sm  elementor-field-textual\" placeholder=\"Telephone\" required=\"required\" pattern=\"[0-9()#&amp;+*-=.]+\" title=\"Telephone\">\n\n\t\t\t\t\t\t<\/div>\n\t\t\t\t\t\t\t\t<div class=\"elementor-field-type-textarea elementor-field-group elementor-column elementor-field-group-message elementor-col-100\">\n\t\t\t\t\t\t\t\t\t\t\t\t<label for=\"form-field-message\" class=\"elementor-field-label elementor-screen-only\">\n\t\t\t\t\t\t\t\tMessage\t\t\t\t\t\t\t<\/label>\n\t\t\t\t\t\t<textarea class=\"elementor-field-textual elementor-field  elementor-size-sm\" name=\"form_fields[message]\" id=\"form-field-message\" rows=\"8\" placeholder=\"Message\"><\/textarea>\t\t\t\t<\/div>\n\t\t\t\t\t\t\t\t<div class=\"elementor-field-group elementor-column elementor-field-type-submit elementor-col-100 e-form__buttons\">\n\t\t\t\t\t<button class=\"elementor-button elementor-size-sm\" type=\"submit\">\n\t\t\t\t\t\t<span class=\"elementor-button-content-wrapper\">\n\t\t\t\t\t\t\t\t\t\t\t\t\t\t\t\t\t\t\t\t\t\t<span class=\"elementor-button-text\">Send<\/span>\n\t\t\t\t\t\t\t\t\t\t\t\t\t<\/span>\n\t\t\t\t\t<\/button>\n\t\t\t\t<\/div>\n\t\t\t<\/div>\n\t\t<input type=\"hidden\" name=\"trp-form-language\" value=\"en\"\/><\/form>\n\t\t\t\t\t\t<\/div>\n\t\t\t\t<\/div>\n\t\t\t\t\t<\/div>\n\t\t<\/div>\n\t\t\t\t\t<\/div>\n\t\t<\/section>\n\t\t\t\t<\/div>","protected":false},"excerpt":{"rendered":"<p>CONTACTEZ-NOUS Je cherche du travail Je cherche de la main d&rsquo;oeuvre POUR NOUS JOINDRE 514-497-8077 infos@r-proplacement.com Facebook HEURES D&rsquo;OUVERTURE Lundi au\u00a0 Vendredi 8h \u00e0 18h Samedi et Dimanche 10h \u00e0 15h Formulaire de contact<\/p>","protected":false},"author":1,"featured_media":648,"parent":0,"menu_order":5,"comment_status":"closed","ping_status":"closed","template":"","meta":{"footnotes":""},"class_list":["post-490","page","type-page","status-publish","has-post-thumbnail","hentry"],"yoast_head":"<!-- This site is optimized with the Yoast SEO plugin v25.8 - https:\/\/yoast.com\/wordpress\/plugins\/seo\/ -->\n<title>Contact - R-PRO<\/title>\n<meta name=\"description\" content=\"Contactez R-PRO Placement pour vos besoins en emploi ou en main-d\u2019\u0153uvre. Joignez-nous par t\u00e9l\u00e9phone, courriel ou via notre formulaire en ligne. R\u00e9ponse rapide garantie.\" \/>\n<meta name=\"robots\" content=\"index, follow, max-snippet:-1, max-image-preview:large, max-video-preview:-1\" \/>\n<link rel=\"canonical\" href=\"https:\/\/r-proplacement.ca\/en\/contact\/\" \/>\n<meta property=\"og:locale\" content=\"en_US\" \/>\n<meta property=\"og:type\" content=\"article\" \/>\n<meta property=\"og:title\" content=\"Contactez R-PRO Placement | Recrutement et emploi \u00e0 Montr\u00e9al\" \/>\n<meta property=\"og:description\" content=\"Besoin d\u2019un emploi ou de personnel qualifi\u00e9 ? R-PRO Placement est \u00e0 votre \u00e9coute. Appelez-nous ou utilisez notre formulaire pour obtenir un service rapide et personnalis\u00e9.\" \/>\n<meta property=\"og:url\" content=\"https:\/\/r-proplacement.ca\/en\/contact\/\" \/>\n<meta property=\"og:site_name\" content=\"R-PRO\" \/>\n<meta property=\"article:modified_time\" content=\"2025-05-14T23:49:36+00:00\" \/>\n<meta property=\"og:image\" content=\"https:\/\/r-proplacement.ca\/wp-content\/uploads\/share.png\" \/>\n\t<meta property=\"og:image:width\" content=\"1200\" \/>\n\t<meta property=\"og:image:height\" content=\"630\" \/>\n\t<meta property=\"og:image:type\" content=\"image\/png\" \/>\n<meta name=\"twitter:card\" content=\"summary_large_image\" \/>\n<meta name=\"twitter:label1\" content=\"Est. reading time\" \/>\n\t<meta name=\"twitter:data1\" content=\"1 minute\" \/>\n<script type=\"application\/ld+json\" class=\"yoast-schema-graph\">{\"@context\":\"https:\/\/schema.org\",\"@graph\":[{\"@type\":[\"WebPage\",\"ContactPage\"],\"@id\":\"https:\/\/r-proplacement.ca\/en\/contact\/\",\"url\":\"https:\/\/r-proplacement.ca\/en\/contact\/\",\"name\":\"Contact - R-PRO\",\"isPartOf\":{\"@id\":\"https:\/\/r-proplacement.ca\/en\/#website\"},\"primaryImageOfPage\":{\"@id\":\"https:\/\/r-proplacement.ca\/en\/contact\/#primaryimage\"},\"image\":{\"@id\":\"https:\/\/r-proplacement.ca\/en\/contact\/#primaryimage\"},\"thumbnailUrl\":\"https:\/\/r-proplacement.ca\/wp-content\/uploads\/accueil-img-2-1.png\",\"datePublished\":\"2021-02-05T20:05:10+00:00\",\"dateModified\":\"2025-05-14T23:49:36+00:00\",\"description\":\"Contactez R-PRO Placement pour vos besoins en emploi ou en main-d\u2019\u0153uvre. Joignez-nous par t\u00e9l\u00e9phone, courriel ou via notre formulaire en ligne. R\u00e9ponse rapide garantie.\",\"breadcrumb\":{\"@id\":\"https:\/\/r-proplacement.ca\/en\/contact\/#breadcrumb\"},\"inLanguage\":\"en-US\",\"potentialAction\":[{\"@type\":\"ReadAction\",\"target\":[\"https:\/\/r-proplacement.ca\/en\/contact\/\"]}]},{\"@type\":\"ImageObject\",\"inLanguage\":\"en-US\",\"@id\":\"https:\/\/r-proplacement.ca\/en\/contact\/#primaryimage\",\"url\":\"https:\/\/r-proplacement.ca\/wp-content\/uploads\/accueil-img-2-1.png\",\"contentUrl\":\"https:\/\/r-proplacement.ca\/wp-content\/uploads\/accueil-img-2-1.png\",\"width\":800,\"height\":625},{\"@type\":\"BreadcrumbList\",\"@id\":\"https:\/\/r-proplacement.ca\/en\/contact\/#breadcrumb\",\"itemListElement\":[{\"@type\":\"ListItem\",\"position\":1,\"name\":\"Accueil\",\"item\":\"https:\/\/r-proplacement.ca\/en\/\"},{\"@type\":\"ListItem\",\"position\":2,\"name\":\"Contact\"}]},{\"@type\":\"WebSite\",\"@id\":\"https:\/\/r-proplacement.ca\/en\/#website\",\"url\":\"https:\/\/r-proplacement.ca\/en\/\",\"name\":\"R-PRO\",\"description\":\"\",\"publisher\":{\"@id\":\"https:\/\/r-proplacement.ca\/en\/#organization\"},\"potentialAction\":[{\"@type\":\"SearchAction\",\"target\":{\"@type\":\"EntryPoint\",\"urlTemplate\":\"https:\/\/r-proplacement.ca\/en\/?s={search_term_string}\"},\"query-input\":{\"@type\":\"PropertyValueSpecification\",\"valueRequired\":true,\"valueName\":\"search_term_string\"}}],\"inLanguage\":\"en-US\"},{\"@type\":\"Organization\",\"@id\":\"https:\/\/r-proplacement.ca\/en\/#organization\",\"name\":\"R-PRO\",\"url\":\"https:\/\/r-proplacement.ca\/en\/\",\"logo\":{\"@type\":\"ImageObject\",\"inLanguage\":\"en-US\",\"@id\":\"https:\/\/r-proplacement.ca\/en\/#\/schema\/logo\/image\/\",\"url\":\"https:\/\/r-proplacement.ca\/wp-content\/uploads\/LOGO_nav.svg\",\"contentUrl\":\"https:\/\/r-proplacement.ca\/wp-content\/uploads\/LOGO_nav.svg\",\"width\":2743,\"height\":1201,\"caption\":\"R-PRO\"},\"image\":{\"@id\":\"https:\/\/r-proplacement.ca\/en\/#\/schema\/logo\/image\/\"}}]}<\/script>\n<!-- \/ Yoast SEO plugin. -->","yoast_head_json":{"title":"Contact - R-PRO","description":"Contactez R-PRO Placement pour vos besoins en emploi ou en main-d\u2019\u0153uvre. Joignez-nous par t\u00e9l\u00e9phone, courriel ou via notre formulaire en ligne. R\u00e9ponse rapide garantie.","robots":{"index":"index","follow":"follow","max-snippet":"max-snippet:-1","max-image-preview":"max-image-preview:large","max-video-preview":"max-video-preview:-1"},"canonical":"https:\/\/r-proplacement.ca\/en\/contact\/","og_locale":"en_US","og_type":"article","og_title":"Contactez R-PRO Placement | Recrutement et emploi \u00e0 Montr\u00e9al","og_description":"Besoin d\u2019un emploi ou de personnel qualifi\u00e9 ? R-PRO Placement est \u00e0 votre \u00e9coute. Appelez-nous ou utilisez notre formulaire pour obtenir un service rapide et personnalis\u00e9.","og_url":"https:\/\/r-proplacement.ca\/en\/contact\/","og_site_name":"R-PRO","article_modified_time":"2025-05-14T23:49:36+00:00","og_image":[{"width":1200,"height":630,"url":"https:\/\/r-proplacement.ca\/wp-content\/uploads\/share.png","type":"image\/png"}],"twitter_card":"summary_large_image","twitter_misc":{"Est. reading time":"1 minute"},"schema":{"@context":"https:\/\/schema.org","@graph":[{"@type":["WebPage","ContactPage"],"@id":"https:\/\/r-proplacement.ca\/en\/contact\/","url":"https:\/\/r-proplacement.ca\/en\/contact\/","name":"Contact - R-PRO","isPartOf":{"@id":"https:\/\/r-proplacement.ca\/en\/#website"},"primaryImageOfPage":{"@id":"https:\/\/r-proplacement.ca\/en\/contact\/#primaryimage"},"image":{"@id":"https:\/\/r-proplacement.ca\/en\/contact\/#primaryimage"},"thumbnailUrl":"https:\/\/r-proplacement.ca\/wp-content\/uploads\/accueil-img-2-1.png","datePublished":"2021-02-05T20:05:10+00:00","dateModified":"2025-05-14T23:49:36+00:00","description":"Contactez R-PRO Placement pour vos besoins en emploi ou en main-d\u2019\u0153uvre. Joignez-nous par t\u00e9l\u00e9phone, courriel ou via notre formulaire en ligne. R\u00e9ponse rapide garantie.","breadcrumb":{"@id":"https:\/\/r-proplacement.ca\/en\/contact\/#breadcrumb"},"inLanguage":"en-US","potentialAction":[{"@type":"ReadAction","target":["https:\/\/r-proplacement.ca\/en\/contact\/"]}]},{"@type":"ImageObject","inLanguage":"en-US","@id":"https:\/\/r-proplacement.ca\/en\/contact\/#primaryimage","url":"https:\/\/r-proplacement.ca\/wp-content\/uploads\/accueil-img-2-1.png","contentUrl":"https:\/\/r-proplacement.ca\/wp-content\/uploads\/accueil-img-2-1.png","width":800,"height":625},{"@type":"BreadcrumbList","@id":"https:\/\/r-proplacement.ca\/en\/contact\/#breadcrumb","itemListElement":[{"@type":"ListItem","position":1,"name":"Accueil","item":"https:\/\/r-proplacement.ca\/en\/"},{"@type":"ListItem","position":2,"name":"Contact"}]},{"@type":"WebSite","@id":"https:\/\/r-proplacement.ca\/en\/#website","url":"https:\/\/r-proplacement.ca\/en\/","name":"R-PRO","description":"","publisher":{"@id":"https:\/\/r-proplacement.ca\/en\/#organization"},"potentialAction":[{"@type":"SearchAction","target":{"@type":"EntryPoint","urlTemplate":"https:\/\/r-proplacement.ca\/en\/?s={search_term_string}"},"query-input":{"@type":"PropertyValueSpecification","valueRequired":true,"valueName":"search_term_string"}}],"inLanguage":"en-US"},{"@type":"Organization","@id":"https:\/\/r-proplacement.ca\/en\/#organization","name":"R-PRO","url":"https:\/\/r-proplacement.ca\/en\/","logo":{"@type":"ImageObject","inLanguage":"en-US","@id":"https:\/\/r-proplacement.ca\/en\/#\/schema\/logo\/image\/","url":"https:\/\/r-proplacement.ca\/wp-content\/uploads\/LOGO_nav.svg","contentUrl":"https:\/\/r-proplacement.ca\/wp-content\/uploads\/LOGO_nav.svg","width":2743,"height":1201,"caption":"R-PRO"},"image":{"@id":"https:\/\/r-proplacement.ca\/en\/#\/schema\/logo\/image\/"}}]}},"_links":{"self":[{"href":"https:\/\/r-proplacement.ca\/en\/wp-json\/wp\/v2\/pages\/490","targetHints":{"allow":["GET"]}}],"collection":[{"href":"https:\/\/r-proplacement.ca\/en\/wp-json\/wp\/v2\/pages"}],"about":[{"href":"https:\/\/r-proplacement.ca\/en\/wp-json\/wp\/v2\/types\/page"}],"author":[{"embeddable":true,"href":"https:\/\/r-proplacement.ca\/en\/wp-json\/wp\/v2\/users\/1"}],"replies":[{"embeddable":true,"href":"https:\/\/r-proplacement.ca\/en\/wp-json\/wp\/v2\/comments?post=490"}],"version-history":[{"count":59,"href":"https:\/\/r-proplacement.ca\/en\/wp-json\/wp\/v2\/pages\/490\/revisions"}],"predecessor-version":[{"id":784,"href":"https:\/\/r-proplacement.ca\/en\/wp-json\/wp\/v2\/pages\/490\/revisions\/784"}],"wp:featuredmedia":[{"embeddable":true,"href":"https:\/\/r-proplacement.ca\/en\/wp-json\/wp\/v2\/media\/648"}],"wp:attachment":[{"href":"https:\/\/r-proplacement.ca\/en\/wp-json\/wp\/v2\/media?parent=490"}],"curies":[{"name":"wp","href":"https:\/\/api.w.org\/{rel}","templated":true}]}}